{"id":2831,"date":"2024-12-19T15:56:50","date_gmt":"2024-12-19T14:56:50","guid":{"rendered":"https:\/\/www.agoragroup.io\/?page_id=2831"},"modified":"2025-09-03T14:34:43","modified_gmt":"2025-09-03T12:34:43","slug":"right-to-repair-eu-poland","status":"publish","type":"page","link":"https:\/\/www.agoragroup.io\/en\/right-to-repair-eu-poland\/","title":{"rendered":"Right to repair EU : Poland"},"content":{"rendered":"<p>[vc_row unlock_row_content=&#8221;yes&#8221; row_height_percent=&#8221;100&#8243; override_padding=&#8221;yes&#8221; h_padding=&#8221;0&#8243; top_padding=&#8221;1&#8243; bottom_padding=&#8221;0&#8243; back_color=&#8221;color-lxmt&#8221; overlay_alpha=&#8221;50&#8243; equal_height=&#8221;yes&#8221; gutter_size=&#8221;2&#8243; column_width_percent=&#8221;100&#8243; shift_y=&#8221;0&#8243; z_index=&#8221;0&#8243; uncode_shortcode_id=&#8221;572336&#8243; back_color_type=&#8221;uncode-palette&#8221; css=&#8221;.vc_custom_1732811690793{margin-top: -30px !important;}&#8221;][vc_column column_width_percent=&#8221;100&#8243; gutter_size=&#8221;3&#8243; expand_height=&#8221;yes&#8221; style=&#8221;light&#8221; back_color=&#8221;color-lxmt&#8221; overlay_alpha=&#8221;50&#8243; shift_x=&#8221;0&#8243; shift_y=&#8221;0&#8243; shift_y_down=&#8221;0&#8243; z_index=&#8221;0&#8243; medium_width=&#8221;0&#8243; mobile_width=&#8221;0&#8243; width=&#8221;1\/1&#8243; uncode_shortcode_id=&#8221;104747&#8243; back_color_type=&#8221;uncode-palette&#8221;][vc_row_inner row_inner_height_percent=&#8221;0&#8243; back_color=&#8221;color-lxmt&#8221; overlay_alpha=&#8221;50&#8243; equal_height=&#8221;yes&#8221; gutter_size=&#8221;0&#8243; shift_y=&#8221;0&#8243; z_index=&#8221;0&#8243; limit_content=&#8221;&#8221; uncode_shortcode_id=&#8221;603395&#8243; back_color_type=&#8221;uncode-palette&#8221;][vc_column_inner column_width_use_pixel=&#8221;yes&#8221; gutter_size=&#8221;3&#8243; expand_height=&#8221;yes&#8221; back_color=&#8221;color-lxmt&#8221; overlay_alpha=&#8221;50&#8243; shift_x=&#8221;0&#8243; shift_y=&#8221;0&#8243; shift_y_down=&#8221;0&#8243; z_index=&#8221;0&#8243; medium_width=&#8221;0&#8243; mobile_width=&#8221;0&#8243; width=&#8221;1\/2&#8243; mobile_height=&#8221;300&#8243; uncode_shortcode_id=&#8221;109135&#8243; back_color_type=&#8221;uncode-palette&#8221;][vc_single_image media=&#8221;3462&#8243; media_width_percent=&#8221;76&#8243; alignment=&#8221;center&#8221; shape=&#8221;img-round&#8221; radius=&#8221;lg&#8221; uncode_shortcode_id=&#8221;769115&#8243;][\/vc_column_inner][vc_column_inner column_width_percent=&#8221;100&#8243; gutter_size=&#8221;2&#8243; override_padding=&#8221;yes&#8221; column_padding=&#8221;2&#8243; overlay_alpha=&#8221;50&#8243; shift_x=&#8221;0&#8243; shift_y=&#8221;0&#8243; shift_y_down=&#8221;0&#8243; z_index=&#8221;0&#8243; medium_width=&#8221;0&#8243; mobile_width=&#8221;0&#8243; width=&#8221;1\/2&#8243; uncode_shortcode_id=&#8221;860573&#8243;][vc_custom_heading heading_semantic=&#8221;h1&#8243; text_size=&#8221;h3&#8243; text_align=&#8221;text-left&#8221; uncode_shortcode_id=&#8221;496313&#8243;]Right to repair: <span data-teams=\"true\">Poland<\/span>[\/vc_custom_heading][vc_column_text uncode_shortcode_id=&#8221;134387&#8243;]This recapitulative sheet reflect the current Polish progress to support sustainable consumption and comply with the European right to repair![\/vc_column_text][vc_column_text uncode_shortcode_id=&#8221;574778&#8243; css=&#8221;.vc_custom_1756819615838{margin-top: 270px !important;}&#8221;]<strong>1 :<\/strong> Statistiques de la Banque Mondiale <a href=\"https:\/\/data.worldbank.org\/country\/ireland\">World Bank statistics<\/a><\/p>\n<p><strong>2 :<\/strong> Pour le march\u00e9 2020 de la reparation \u00e9lectrom\u00e9nager,<a href=\"https:\/\/ec.europa.eu\/eurostat\/databrowser\/view\/sbs_na_1a_se_r2__custom_14681453\/default\/table?lang=fr\"> Eurostat<\/a>.<\/p>\n<p><em>Ces chiffres sont sous observation et peuvent \u00eatre revises dans les prochains mois.<\/em><\/p>\n<p><strong>3 :<\/strong><a href=\"https:\/\/www.oecd.org\/en\/publications\/towards-a-national-strategic-framework-for-the-circular-economy-in-the-czech-republic_5d33734d-en.html\"> Publication OCDE<\/a>, P.42[\/vc_column_text][\/vc_column_inner][\/vc_row_inner][\/vc_column][\/vc_row]<\/p>\n","protected":false},"excerpt":{"rendered":"<p>[vc_row unlock_row_content=&#8221;yes&#8221; row_height_percent=&#8221;100&#8243; override_padding=&#8221;yes&#8221; h_padding=&#8221;0&#8243; top_padding=&#8221;1&#8243; bottom_padding=&#8221;0&#8243; back_color=&#8221;color-lxmt&#8221; overlay_alpha=&#8221;50&#8243; equal_height=&#8221;yes&#8221; gutter_size=&#8221;2&#8243; column_width_percent=&#8221;100&#8243; shift_y=&#8221;0&#8243; z_index=&#8221;0&#8243; uncode_shortcode_id=&#8221;572336&#8243; back_color_type=&#8221;uncode-palette&#8221; css=&#8221;.vc_custom_1732811690793{margin-top: -30px !important;}&#8221;][vc_column column_width_percent=&#8221;100&#8243; [&hellip;]<\/p>\n","protected":false},"author":6,"featured_media":3463,"parent":0,"menu_order":0,"comment_status":"closed","ping_status":"closed","template":"","meta":{"footnotes":""},"class_list":["post-2831","page","type-page","status-publish","has-post-thumbnail","hentry"],"yoast_head":"<!-- This site is optimized with the Yoast SEO plugin v19.13 - https:\/\/yoast.com\/wordpress\/plugins\/seo\/ -->\n<title>Right to repair EU : Poland - Agoragroup<\/title>\n<meta name=\"description\" content=\"Poland, Right to repair, European Directive, European Union, European Platform, household appliances, legislation, circular economy, repair\" \/>\n<meta name=\"robots\" content=\"index, follow, max-snippet:-1, max-image-preview:large, max-video-preview:-1\" \/>\n<link rel=\"canonical\" href=\"https:\/\/www.agoragroup.io\/en\/right-to-repair-eu-poland\/\" \/>\n<meta property=\"og:locale\" content=\"en_US\" \/>\n<meta property=\"og:type\" content=\"article\" \/>\n<meta property=\"og:title\" content=\"Right to repair EU : Poland - Agoragroup\" \/>\n<meta property=\"og:description\" content=\"Poland, Right to repair, European Directive, European Union, European Platform, household appliances, legislation, circular economy, repair\" \/>\n<meta property=\"og:url\" content=\"https:\/\/www.agoragroup.io\/en\/right-to-repair-eu-poland\/\" \/>\n<meta property=\"og:site_name\" content=\"Agoragroup\" \/>\n<meta property=\"article:modified_time\" content=\"2025-09-03T12:34:43+00:00\" \/>\n<meta property=\"og:image\" content=\"https:\/\/www.agoragroup.io\/wp-content\/uploads\/2025\/07\/Pologne-fiche-V2-New.png\" \/>\n\t<meta property=\"og:image:width\" content=\"1280\" \/>\n\t<meta property=\"og:image:height\" content=\"1707\" \/>\n\t<meta property=\"og:image:type\" content=\"image\/png\" \/>\n<meta name=\"twitter:card\" content=\"summary_large_image\" \/>\n<meta name=\"twitter:label1\" content=\"Est. reading time\" \/>\n\t<meta name=\"twitter:data1\" content=\"1 minute\" \/>\n<script type=\"application\/ld+json\" class=\"yoast-schema-graph\">{\"@context\":\"https:\/\/schema.org\",\"@graph\":[{\"@type\":\"WebPage\",\"@id\":\"https:\/\/www.agoragroup.io\/en\/right-to-repair-eu-poland\/\",\"url\":\"https:\/\/www.agoragroup.io\/en\/right-to-repair-eu-poland\/\",\"name\":\"Right to repair EU : Poland - Agoragroup\",\"isPartOf\":{\"@id\":\"https:\/\/www.agoragroup.io\/en\/#website\"},\"datePublished\":\"2024-12-19T14:56:50+00:00\",\"dateModified\":\"2025-09-03T12:34:43+00:00\",\"description\":\"Poland, Right to repair, European Directive, European Union, European Platform, household appliances, legislation, circular economy, repair\",\"breadcrumb\":{\"@id\":\"https:\/\/www.agoragroup.io\/en\/right-to-repair-eu-poland\/#breadcrumb\"},\"inLanguage\":\"en-US\",\"potentialAction\":[{\"@type\":\"ReadAction\",\"target\":[\"https:\/\/www.agoragroup.io\/en\/right-to-repair-eu-poland\/\"]}]},{\"@type\":\"BreadcrumbList\",\"@id\":\"https:\/\/www.agoragroup.io\/en\/right-to-repair-eu-poland\/#breadcrumb\",\"itemListElement\":[{\"@type\":\"ListItem\",\"position\":1,\"name\":\"Home\",\"item\":\"https:\/\/www.agoragroup.io\/en\/\"},{\"@type\":\"ListItem\",\"position\":2,\"name\":\"Right to repair EU : Poland\"}]},{\"@type\":\"WebSite\",\"@id\":\"https:\/\/www.agoragroup.io\/en\/#website\",\"url\":\"https:\/\/www.agoragroup.io\/en\/\",\"name\":\"Agoragroup\",\"description\":\"\",\"potentialAction\":[{\"@type\":\"SearchAction\",\"target\":{\"@type\":\"EntryPoint\",\"urlTemplate\":\"https:\/\/www.agoragroup.io\/en\/?s={search_term_string}\"},\"query-input\":\"required name=search_term_string\"}],\"inLanguage\":\"en-US\"}]}<\/script>\n<!-- \/ Yoast SEO plugin. -->","yoast_head_json":{"title":"Right to repair EU : Poland - Agoragroup","description":"Poland, Right to repair, European Directive, European Union, European Platform, household appliances, legislation, circular economy, repair","robots":{"index":"index","follow":"follow","max-snippet":"max-snippet:-1","max-image-preview":"max-image-preview:large","max-video-preview":"max-video-preview:-1"},"canonical":"https:\/\/www.agoragroup.io\/en\/right-to-repair-eu-poland\/","og_locale":"en_US","og_type":"article","og_title":"Right to repair EU : Poland - Agoragroup","og_description":"Poland, Right to repair, European Directive, European Union, European Platform, household appliances, legislation, circular economy, repair","og_url":"https:\/\/www.agoragroup.io\/en\/right-to-repair-eu-poland\/","og_site_name":"Agoragroup","article_modified_time":"2025-09-03T12:34:43+00:00","og_image":[{"width":1280,"height":1707,"url":"https:\/\/www.agoragroup.io\/wp-content\/uploads\/2025\/07\/Pologne-fiche-V2-New.png","type":"image\/png"}],"twitter_card":"summary_large_image","twitter_misc":{"Est. reading time":"1 minute"},"schema":{"@context":"https:\/\/schema.org","@graph":[{"@type":"WebPage","@id":"https:\/\/www.agoragroup.io\/en\/right-to-repair-eu-poland\/","url":"https:\/\/www.agoragroup.io\/en\/right-to-repair-eu-poland\/","name":"Right to repair EU : Poland - Agoragroup","isPartOf":{"@id":"https:\/\/www.agoragroup.io\/en\/#website"},"datePublished":"2024-12-19T14:56:50+00:00","dateModified":"2025-09-03T12:34:43+00:00","description":"Poland, Right to repair, European Directive, European Union, European Platform, household appliances, legislation, circular economy, repair","breadcrumb":{"@id":"https:\/\/www.agoragroup.io\/en\/right-to-repair-eu-poland\/#breadcrumb"},"inLanguage":"en-US","potentialAction":[{"@type":"ReadAction","target":["https:\/\/www.agoragroup.io\/en\/right-to-repair-eu-poland\/"]}]},{"@type":"BreadcrumbList","@id":"https:\/\/www.agoragroup.io\/en\/right-to-repair-eu-poland\/#breadcrumb","itemListElement":[{"@type":"ListItem","position":1,"name":"Home","item":"https:\/\/www.agoragroup.io\/en\/"},{"@type":"ListItem","position":2,"name":"Right to repair EU : Poland"}]},{"@type":"WebSite","@id":"https:\/\/www.agoragroup.io\/en\/#website","url":"https:\/\/www.agoragroup.io\/en\/","name":"Agoragroup","description":"","potentialAction":[{"@type":"SearchAction","target":{"@type":"EntryPoint","urlTemplate":"https:\/\/www.agoragroup.io\/en\/?s={search_term_string}"},"query-input":"required name=search_term_string"}],"inLanguage":"en-US"}]}},"_links":{"self":[{"href":"https:\/\/www.agoragroup.io\/en\/wp-json\/wp\/v2\/pages\/2831","targetHints":{"allow":["GET"]}}],"collection":[{"href":"https:\/\/www.agoragroup.io\/en\/wp-json\/wp\/v2\/pages"}],"about":[{"href":"https:\/\/www.agoragroup.io\/en\/wp-json\/wp\/v2\/types\/page"}],"author":[{"embeddable":true,"href":"https:\/\/www.agoragroup.io\/en\/wp-json\/wp\/v2\/users\/6"}],"replies":[{"embeddable":true,"href":"https:\/\/www.agoragroup.io\/en\/wp-json\/wp\/v2\/comments?post=2831"}],"version-history":[{"count":14,"href":"https:\/\/www.agoragroup.io\/en\/wp-json\/wp\/v2\/pages\/2831\/revisions"}],"predecessor-version":[{"id":3741,"href":"https:\/\/www.agoragroup.io\/en\/wp-json\/wp\/v2\/pages\/2831\/revisions\/3741"}],"wp:featuredmedia":[{"embeddable":true,"href":"https:\/\/www.agoragroup.io\/en\/wp-json\/wp\/v2\/media\/3463"}],"wp:attachment":[{"href":"https:\/\/www.agoragroup.io\/en\/wp-json\/wp\/v2\/media?parent=2831"}],"curies":[{"name":"wp","href":"https:\/\/api.w.org\/{rel}","templated":true}]}}